{"id":25,"date":"2026-01-24T19:28:12","date_gmt":"2026-01-24T19:28:12","guid":{"rendered":"https:\/\/morshka.com\/services\/"},"modified":"2026-01-24T19:40:06","modified_gmt":"2026-01-24T19:40:06","slug":"services","status":"publish","type":"page","link":"https:\/\/morshka.com\/fr\/services\/","title":{"rendered":"Services"},"content":{"rendered":"<div class=\"wp-block-group alignfull is-style-ext-preset--group--natural-1--section has-background-background-color has-background has-global-padding is-layout-constrained wp-container-core-group-is-layout-e955bbaf wp-block-group-is-layout-constrained\" id=\"services\" style=\"margin-top:0;margin-bottom:0;padding-top:var(--wp--preset--spacing--70);padding-bottom:var(--wp--preset--spacing--70)\">\n<div class=\"wp-block-group alignwide is-vertical is-layout-flex wp-container-core-group-is-layout-c35747d5 wp-block-group-is-layout-flex\">\n<div class=\"wp-block-group has-global-padding is-layout-constrained wp-container-core-group-is-layout-5e05634a wp-block-group-is-layout-constrained\">\n<h2 class=\"wp-block-heading\">Exp\u00e9riences exclusives avec chauffeur pour les voyageurs exigeants<\/h2>\n\n\n\n<p class=\"has-text-align-left\">D\u00e9couvrez nos offres haut de gamme, con\u00e7ues pour d\u00e9passer vos attentes gr\u00e2ce \u00e0 un service irr\u00e9prochable.<\/p>\n<\/div>\n<\/div>\n\n\n\n<div class=\"wp-block-columns alignwide is-layout-flex wp-container-core-columns-is-layout-08c01c1c wp-block-columns-is-layout-flex\">\n<div class=\"wp-block-column is-vertically-aligned-stretch is-layout-flow wp-container-core-column-is-layout-119bc444 wp-block-column-is-layout-flow\">\n<div class=\"wp-block-media-text is-stacked-on-mobile is-image-fill-element is-style-ext-preset--media-text--natural-1--card-1 has-tertiary-background-color has-background is-style-ext-preset--media-text--natural-1--card-1--2\"><figure class=\"wp-block-media-text__media\"><img loading=\"lazy\" decoding=\"async\" width=\"1440\" height=\"1440\" class=\"wp-image-66 size-full\" src=\"https:\/\/morshka.com\/wp-content\/uploads\/2026\/01\/6328d59fff457922393d772c5b41c823d2f6de7f.jpg\" alt=\"\" style=\"object-position:50% 50%\" srcset=\"https:\/\/morshka.com\/wp-content\/uploads\/2026\/01\/6328d59fff457922393d772c5b41c823d2f6de7f.jpg 1440w, https:\/\/morshka.com\/wp-content\/uploads\/2026\/01\/6328d59fff457922393d772c5b41c823d2f6de7f-300x300.jpg 300w, https:\/\/morshka.com\/wp-content\/uploads\/2026\/01\/6328d59fff457922393d772c5b41c823d2f6de7f-1024x1024.jpg 1024w, https:\/\/morshka.com\/wp-content\/uploads\/2026\/01\/6328d59fff457922393d772c5b41c823d2f6de7f-150x150.jpg 150w, https:\/\/morshka.com\/wp-content\/uploads\/2026\/01\/6328d59fff457922393d772c5b41c823d2f6de7f-768x768.jpg 768w, https:\/\/morshka.com\/wp-content\/uploads\/2026\/01\/6328d59fff457922393d772c5b41c823d2f6de7f-12x12.jpg 12w\" sizes=\"auto, (max-width: 1440px) 100vw, 1440px\" \/><\/figure><div class=\"wp-block-media-text__content\">\n<div class=\"wp-block-group is-style-default has-global-padding is-layout-constrained wp-container-core-group-is-layout-9a7b35d3 wp-block-group-is-layout-constrained\" style=\"padding-top:var(--wp--preset--spacing--40);padding-right:var(--wp--preset--spacing--30);padding-bottom:var(--wp--preset--spacing--40);padding-left:var(--wp--preset--spacing--30)\">\n<h3 class=\"wp-block-heading\" style=\"font-size:clamp(15.747px, 0.984rem + ((1vw - 3.2px) * 0.86), 24px);\">Transferts a\u00e9roport<\/h3>\n\n\n\n<p class=\"has-small-font-size\">Rejoignez votre vol sans encombre gr\u00e2ce \u00e0 notre service de transport a\u00e9roportuaire ponctuel et luxueux.<\/p>\n<\/div>\n<\/div><\/div>\n<\/div>\n\n\n\n<div class=\"wp-block-column is-vertically-aligned-stretch is-layout-flow wp-container-core-column-is-layout-119bc444 wp-block-column-is-layout-flow\">\n<div class=\"wp-block-media-text is-stacked-on-mobile is-image-fill-element is-style-ext-preset--media-text--natural-1--card-1 has-tertiary-background-color has-background is-style-ext-preset--media-text--natural-1--card-1--3\"><figure class=\"wp-block-media-text__media\"><img loading=\"lazy\" decoding=\"async\" width=\"1440\" height=\"1440\" class=\"wp-image-51 size-full\" src=\"https:\/\/morshka.com\/wp-content\/uploads\/2026\/01\/647930934ff0564c78fdf743759a290acc1df084.jpg\" alt=\"\" style=\"object-position:50% 50%\" srcset=\"https:\/\/morshka.com\/wp-content\/uploads\/2026\/01\/647930934ff0564c78fdf743759a290acc1df084.jpg 1440w, https:\/\/morshka.com\/wp-content\/uploads\/2026\/01\/647930934ff0564c78fdf743759a290acc1df084-300x300.jpg 300w, https:\/\/morshka.com\/wp-content\/uploads\/2026\/01\/647930934ff0564c78fdf743759a290acc1df084-1024x1024.jpg 1024w, https:\/\/morshka.com\/wp-content\/uploads\/2026\/01\/647930934ff0564c78fdf743759a290acc1df084-150x150.jpg 150w, https:\/\/morshka.com\/wp-content\/uploads\/2026\/01\/647930934ff0564c78fdf743759a290acc1df084-768x768.jpg 768w, https:\/\/morshka.com\/wp-content\/uploads\/2026\/01\/647930934ff0564c78fdf743759a290acc1df084-12x12.jpg 12w\" sizes=\"auto, (max-width: 1440px) 100vw, 1440px\" \/><\/figure><div class=\"wp-block-media-text__content\">\n<div class=\"wp-block-group is-style-default has-global-padding is-layout-constrained wp-container-core-group-is-layout-9a7b35d3 wp-block-group-is-layout-constrained\" style=\"padding-top:var(--wp--preset--spacing--40);padding-right:var(--wp--preset--spacing--30);padding-bottom:var(--wp--preset--spacing--40);padding-left:var(--wp--preset--spacing--30)\">\n<h3 class=\"wp-block-heading\" style=\"font-size:clamp(15.747px, 0.984rem + ((1vw - 3.2px) * 0.86), 24px);\">Transport pour \u00e9v\u00e9nements priv\u00e9s<\/h3>\n\n\n\n<p class=\"has-small-font-size\">Arrivez avec style gr\u00e2ce \u00e0 des trajets personnalis\u00e9s adapt\u00e9s \u00e0 vos occasions sp\u00e9ciales.<\/p>\n<\/div>\n<\/div><\/div>\n<\/div>\n<\/div>\n\n\n\n<div class=\"wp-block-columns alignwide is-layout-flex wp-container-core-columns-is-layout-967d05ff wp-block-columns-is-layout-flex\" style=\"margin-top:var(--wp--preset--spacing--40)\">\n<div class=\"wp-block-column is-vertically-aligned-stretch is-layout-flow wp-container-core-column-is-layout-119bc444 wp-block-column-is-layout-flow\">\n<div class=\"wp-block-media-text is-stacked-on-mobile is-image-fill-element is-style-ext-preset--media-text--natural-1--card-1 has-tertiary-background-color has-background is-style-ext-preset--media-text--natural-1--card-1--4\"><figure class=\"wp-block-media-text__media\"><img loading=\"lazy\" decoding=\"async\" width=\"1440\" height=\"1080\" class=\"wp-image-59 size-full\" src=\"https:\/\/morshka.com\/wp-content\/uploads\/2026\/01\/0a31e132c9606dbb254af8cd4271b076238fab1c.jpg\" alt=\"\" style=\"object-position:50% 50%\" srcset=\"https:\/\/morshka.com\/wp-content\/uploads\/2026\/01\/0a31e132c9606dbb254af8cd4271b076238fab1c.jpg 1440w, https:\/\/morshka.com\/wp-content\/uploads\/2026\/01\/0a31e132c9606dbb254af8cd4271b076238fab1c-300x225.jpg 300w, https:\/\/morshka.com\/wp-content\/uploads\/2026\/01\/0a31e132c9606dbb254af8cd4271b076238fab1c-1024x768.jpg 1024w, https:\/\/morshka.com\/wp-content\/uploads\/2026\/01\/0a31e132c9606dbb254af8cd4271b076238fab1c-768x576.jpg 768w, https:\/\/morshka.com\/wp-content\/uploads\/2026\/01\/0a31e132c9606dbb254af8cd4271b076238fab1c-16x12.jpg 16w\" sizes=\"auto, (max-width: 1440px) 100vw, 1440px\" \/><\/figure><div class=\"wp-block-media-text__content\">\n<div class=\"wp-block-group is-style-default has-global-padding is-layout-constrained wp-container-core-group-is-layout-9a7b35d3 wp-block-group-is-layout-constrained\" style=\"padding-top:var(--wp--preset--spacing--40);padding-right:var(--wp--preset--spacing--30);padding-bottom:var(--wp--preset--spacing--40);padding-left:var(--wp--preset--spacing--30)\">\n<h3 class=\"wp-block-heading\" style=\"font-size:clamp(15.747px, 0.984rem + ((1vw - 3.2px) * 0.86), 24px);\">Voyages d'affaires<\/h3>\n\n\n\n<p class=\"has-small-font-size\">Am\u00e9liorez vos voyages d'affaires gr\u00e2ce \u00e0 nos services de chauffeurs professionnels et discrets.<\/p>\n<\/div>\n<\/div><\/div>\n<\/div>\n\n\n\n<div class=\"wp-block-column is-vertically-aligned-stretch is-layout-flow wp-container-core-column-is-layout-119bc444 wp-block-column-is-layout-flow\">\n<div class=\"wp-block-media-text is-stacked-on-mobile is-image-fill-element is-style-ext-preset--media-text--natural-1--card-1 has-tertiary-background-color has-background is-style-ext-preset--media-text--natural-1--card-1--5\"><figure class=\"wp-block-media-text__media\"><img loading=\"lazy\" decoding=\"async\" width=\"960\" height=\"1440\" class=\"wp-image-57 size-full\" src=\"https:\/\/morshka.com\/wp-content\/uploads\/2026\/01\/353b982da7ab5916cc134528483d02ecd529355e.jpg\" alt=\"\" style=\"object-position:50% 50%\" srcset=\"https:\/\/morshka.com\/wp-content\/uploads\/2026\/01\/353b982da7ab5916cc134528483d02ecd529355e.jpg 960w, https:\/\/morshka.com\/wp-content\/uploads\/2026\/01\/353b982da7ab5916cc134528483d02ecd529355e-200x300.jpg 200w, https:\/\/morshka.com\/wp-content\/uploads\/2026\/01\/353b982da7ab5916cc134528483d02ecd529355e-683x1024.jpg 683w, https:\/\/morshka.com\/wp-content\/uploads\/2026\/01\/353b982da7ab5916cc134528483d02ecd529355e-768x1152.jpg 768w, https:\/\/morshka.com\/wp-content\/uploads\/2026\/01\/353b982da7ab5916cc134528483d02ecd529355e-8x12.jpg 8w\" sizes=\"auto, (max-width: 960px) 100vw, 960px\" \/><\/figure><div class=\"wp-block-media-text__content\">\n<div class=\"wp-block-group is-style-default has-global-padding is-layout-constrained wp-container-core-group-is-layout-9a7b35d3 wp-block-group-is-layout-constrained\" style=\"padding-top:var(--wp--preset--spacing--40);padding-right:var(--wp--preset--spacing--30);padding-bottom:var(--wp--preset--spacing--40);padding-left:var(--wp--preset--spacing--30)\">\n<h3 class=\"wp-block-heading\" style=\"font-size:clamp(15.747px, 0.984rem + ((1vw - 3.2px) * 0.86), 24px);\">Concierge Services<\/h3>\n\n\n\n<p class=\"has-small-font-size\">B\u00e9n\u00e9ficiez d'une assistance haut de gamme qui anticipe et r\u00e9pond \u00e0 tous vos besoins.<\/p>\n<\/div>\n<\/div><\/div>\n<\/div>\n<\/div>\n<\/div>\n\n<div class=\"wp-block-group alignfull is-style-ext-preset--group--natural-1--section has-tertiary-background-color has-background has-global-padding is-layout-constrained wp-container-core-group-is-layout-e955bbaf wp-block-group-is-layout-constrained\" id=\"features\" style=\"margin-top:0;margin-bottom:0;padding-top:var(--wp--preset--spacing--70);padding-bottom:var(--wp--preset--spacing--70)\">\n<div class=\"wp-block-group alignwide is-vertical is-layout-flex wp-container-core-group-is-layout-c35747d5 wp-block-group-is-layout-flex\">\n<div class=\"wp-block-group has-global-padding is-layout-constrained wp-container-core-group-is-layout-5e05634a wp-block-group-is-layout-constrained\">\n<h2 class=\"wp-block-heading\">Services de chauffeur de luxe sur mesure pour les voyageurs exigeants<\/h2>\n\n\n\n<p class=\"has-text-align-left\">D\u00e9couvrez un confort et un professionnalisme in\u00e9gal\u00e9s gr\u00e2ce \u00e0 nos solutions de transport sur mesure con\u00e7ues pour d\u00e9passer vos attentes.<\/p>\n<\/div>\n<\/div>\n\n\n\n<div class=\"wp-block-columns alignwide is-layout-flex wp-container-core-columns-is-layout-87beb0d0 wp-block-columns-is-layout-flex\">\n<div class=\"wp-block-column is-vertically-aligned-stretch is-layout-flow wp-container-core-column-is-layout-119bc444 wp-block-column-is-layout-flow\">\n<div class=\"wp-block-media-text is-stacked-on-mobile is-image-fill-element is-style-ext-preset--media-text--natural-1--card-1 has-background-background-color has-background is-style-ext-preset--media-text--natural-1--card-1--7\"><figure class=\"wp-block-media-text__media\"><img loading=\"lazy\" decoding=\"async\" width=\"1440\" height=\"1440\" class=\"wp-image-66 size-full\" src=\"https:\/\/morshka.com\/wp-content\/uploads\/2026\/01\/6328d59fff457922393d772c5b41c823d2f6de7f.jpg\" alt=\"\" style=\"object-position:50% 50%\" srcset=\"https:\/\/morshka.com\/wp-content\/uploads\/2026\/01\/6328d59fff457922393d772c5b41c823d2f6de7f.jpg 1440w, https:\/\/morshka.com\/wp-content\/uploads\/2026\/01\/6328d59fff457922393d772c5b41c823d2f6de7f-300x300.jpg 300w, https:\/\/morshka.com\/wp-content\/uploads\/2026\/01\/6328d59fff457922393d772c5b41c823d2f6de7f-1024x1024.jpg 1024w, https:\/\/morshka.com\/wp-content\/uploads\/2026\/01\/6328d59fff457922393d772c5b41c823d2f6de7f-150x150.jpg 150w, https:\/\/morshka.com\/wp-content\/uploads\/2026\/01\/6328d59fff457922393d772c5b41c823d2f6de7f-768x768.jpg 768w, https:\/\/morshka.com\/wp-content\/uploads\/2026\/01\/6328d59fff457922393d772c5b41c823d2f6de7f-12x12.jpg 12w\" sizes=\"auto, (max-width: 1440px) 100vw, 1440px\" \/><\/figure><div class=\"wp-block-media-text__content\">\n<div class=\"wp-block-group is-style-default has-global-padding is-layout-constrained wp-container-core-group-is-layout-9a7b35d3 wp-block-group-is-layout-constrained\" style=\"padding-top:var(--wp--preset--spacing--40);padding-right:var(--wp--preset--spacing--30);padding-bottom:var(--wp--preset--spacing--40);padding-left:var(--wp--preset--spacing--30)\">\n<h3 class=\"wp-block-heading\" style=\"font-size:clamp(15.747px, 0.984rem + ((1vw - 3.2px) * 0.86), 24px);\">Transferts a\u00e9roport<\/h3>\n\n\n\n<p class=\"has-small-font-size\">Des transferts depuis et vers l'a\u00e9roport fluides et ponctuels pour que votre voyage commence et se termine en toute s\u00e9r\u00e9nit\u00e9.<\/p>\n<\/div>\n<\/div><\/div>\n<\/div>\n\n\n\n<div class=\"wp-block-column is-vertically-aligned-stretch is-layout-flow wp-container-core-column-is-layout-119bc444 wp-block-column-is-layout-flow\">\n<div class=\"wp-block-media-text is-stacked-on-mobile is-image-fill-element is-style-ext-preset--media-text--natural-1--card-1 has-background-background-color has-background is-style-ext-preset--media-text--natural-1--card-1--8\"><figure class=\"wp-block-media-text__media\"><img loading=\"lazy\" decoding=\"async\" width=\"1440\" height=\"1440\" class=\"wp-image-51 size-full\" src=\"https:\/\/morshka.com\/wp-content\/uploads\/2026\/01\/647930934ff0564c78fdf743759a290acc1df084.jpg\" alt=\"\" style=\"object-position:50% 50%\" srcset=\"https:\/\/morshka.com\/wp-content\/uploads\/2026\/01\/647930934ff0564c78fdf743759a290acc1df084.jpg 1440w, https:\/\/morshka.com\/wp-content\/uploads\/2026\/01\/647930934ff0564c78fdf743759a290acc1df084-300x300.jpg 300w, https:\/\/morshka.com\/wp-content\/uploads\/2026\/01\/647930934ff0564c78fdf743759a290acc1df084-1024x1024.jpg 1024w, https:\/\/morshka.com\/wp-content\/uploads\/2026\/01\/647930934ff0564c78fdf743759a290acc1df084-150x150.jpg 150w, https:\/\/morshka.com\/wp-content\/uploads\/2026\/01\/647930934ff0564c78fdf743759a290acc1df084-768x768.jpg 768w, https:\/\/morshka.com\/wp-content\/uploads\/2026\/01\/647930934ff0564c78fdf743759a290acc1df084-12x12.jpg 12w\" sizes=\"auto, (max-width: 1440px) 100vw, 1440px\" \/><\/figure><div class=\"wp-block-media-text__content\">\n<div class=\"wp-block-group is-style-default has-global-padding is-layout-constrained wp-container-core-group-is-layout-9a7b35d3 wp-block-group-is-layout-constrained\" style=\"padding-top:var(--wp--preset--spacing--40);padding-right:var(--wp--preset--spacing--30);padding-bottom:var(--wp--preset--spacing--40);padding-left:var(--wp--preset--spacing--30)\">\n<h3 class=\"wp-block-heading\" style=\"font-size:clamp(15.747px, 0.984rem + ((1vw - 3.2px) * 0.86), 24px);\">Transport pour \u00e9v\u00e9nements priv\u00e9s<\/h3>\n\n\n\n<p class=\"has-small-font-size\">Services de chauffeur \u00e9l\u00e9gants et discrets pour les mariages, les galas et les r\u00e9unions exclusives.<\/p>\n<\/div>\n<\/div><\/div>\n<\/div>\n<\/div>\n\n\n\n<div class=\"wp-block-columns alignwide is-layout-flex wp-container-core-columns-is-layout-e12f0bcd wp-block-columns-is-layout-flex\" style=\"margin-top:var(--wp--preset--spacing--30)\">\n<div class=\"wp-block-column is-layout-flow wp-container-core-column-is-layout-119bc444 wp-block-column-is-layout-flow\">\n<div class=\"wp-block-media-text is-stacked-on-mobile is-image-fill-element is-style-ext-preset--media-text--natural-1--card-1 has-background-background-color has-background is-style-ext-preset--media-text--natural-1--card-1--9\"><figure class=\"wp-block-media-text__media\"><img loading=\"lazy\" decoding=\"async\" width=\"1440\" height=\"1080\" class=\"wp-image-59 size-full\" src=\"https:\/\/morshka.com\/wp-content\/uploads\/2026\/01\/0a31e132c9606dbb254af8cd4271b076238fab1c.jpg\" alt=\"\" style=\"object-position:50% 50%\" srcset=\"https:\/\/morshka.com\/wp-content\/uploads\/2026\/01\/0a31e132c9606dbb254af8cd4271b076238fab1c.jpg 1440w, https:\/\/morshka.com\/wp-content\/uploads\/2026\/01\/0a31e132c9606dbb254af8cd4271b076238fab1c-300x225.jpg 300w, https:\/\/morshka.com\/wp-content\/uploads\/2026\/01\/0a31e132c9606dbb254af8cd4271b076238fab1c-1024x768.jpg 1024w, https:\/\/morshka.com\/wp-content\/uploads\/2026\/01\/0a31e132c9606dbb254af8cd4271b076238fab1c-768x576.jpg 768w, https:\/\/morshka.com\/wp-content\/uploads\/2026\/01\/0a31e132c9606dbb254af8cd4271b076238fab1c-16x12.jpg 16w\" sizes=\"auto, (max-width: 1440px) 100vw, 1440px\" \/><\/figure><div class=\"wp-block-media-text__content\">\n<div class=\"wp-block-group is-style-default has-global-padding is-layout-constrained wp-container-core-group-is-layout-9a7b35d3 wp-block-group-is-layout-constrained\" style=\"padding-top:var(--wp--preset--spacing--40);padding-right:var(--wp--preset--spacing--30);padding-bottom:var(--wp--preset--spacing--40);padding-left:var(--wp--preset--spacing--30)\">\n<h3 class=\"wp-block-heading\" style=\"font-size:clamp(15.747px, 0.984rem + ((1vw - 3.2px) * 0.86), 24px);\">Voyages d'affaires<\/h3>\n\n\n\n<p class=\"has-small-font-size\">Des solutions de voyage fiables et sophistiqu\u00e9es con\u00e7ues pour soutenir vos engagements commerciaux dans le monde entier.<\/p>\n<\/div>\n<\/div><\/div>\n<\/div>\n\n\n\n<div class=\"wp-block-column is-layout-flow wp-container-core-column-is-layout-119bc444 wp-block-column-is-layout-flow\">\n<div class=\"wp-block-media-text is-stacked-on-mobile is-image-fill-element is-style-ext-preset--media-text--natural-1--card-1 has-background-background-color has-background is-style-ext-preset--media-text--natural-1--card-1--10\"><figure class=\"wp-block-media-text__media\"><img loading=\"lazy\" decoding=\"async\" width=\"960\" height=\"1440\" class=\"wp-image-57 size-full\" src=\"https:\/\/morshka.com\/wp-content\/uploads\/2026\/01\/353b982da7ab5916cc134528483d02ecd529355e.jpg\" alt=\"\" style=\"object-position:50% 50%\" srcset=\"https:\/\/morshka.com\/wp-content\/uploads\/2026\/01\/353b982da7ab5916cc134528483d02ecd529355e.jpg 960w, https:\/\/morshka.com\/wp-content\/uploads\/2026\/01\/353b982da7ab5916cc134528483d02ecd529355e-200x300.jpg 200w, https:\/\/morshka.com\/wp-content\/uploads\/2026\/01\/353b982da7ab5916cc134528483d02ecd529355e-683x1024.jpg 683w, https:\/\/morshka.com\/wp-content\/uploads\/2026\/01\/353b982da7ab5916cc134528483d02ecd529355e-768x1152.jpg 768w, https:\/\/morshka.com\/wp-content\/uploads\/2026\/01\/353b982da7ab5916cc134528483d02ecd529355e-8x12.jpg 8w\" sizes=\"auto, (max-width: 960px) 100vw, 960px\" \/><\/figure><div class=\"wp-block-media-text__content\">\n<div class=\"wp-block-group is-style-default has-global-padding is-layout-constrained wp-container-core-group-is-layout-9a7b35d3 wp-block-group-is-layout-constrained\" style=\"padding-top:var(--wp--preset--spacing--40);padding-right:var(--wp--preset--spacing--30);padding-bottom:var(--wp--preset--spacing--40);padding-left:var(--wp--preset--spacing--30)\">\n<h3 class=\"wp-block-heading\" style=\"font-size:clamp(15.747px, 0.984rem + ((1vw - 3.2px) * 0.86), 24px);\">Concierge Services Premium<\/h3>\n\n\n\n<p class=\"has-small-font-size\">Une assistance personnalis\u00e9e et des \u00e9quipements haut de gamme pour am\u00e9liorer chaque aspect de votre exp\u00e9rience de voyage.<\/p>\n<\/div>\n<\/div><\/div>\n<\/div>\n<\/div>\n<\/div>","protected":false},"excerpt":{"rendered":"<p>Exclusive Chauffeur Services for Discerning Clients Explore our premium offerings designed to exceed your expectations with impeccable care. Airport Transfers Seamlessly connect to your flight with our punctual and luxurious airport transportation. Private Event Transportation Arrive in style with personalized rides tailored for your special occasions. Corporate Travel Enhance your business trips with our professional [&hellip;]<\/p>\n","protected":false},"author":1,"featured_media":0,"parent":0,"menu_order":0,"comment_status":"closed","ping_status":"closed","template":"page-with-title","meta":{"footnotes":""},"class_list":["post-25","page","type-page","status-publish","hentry"],"aioseo_notices":[],"_links":{"self":[{"href":"https:\/\/morshka.com\/fr\/wp-json\/wp\/v2\/pages\/25","targetHints":{"allow":["GET"]}}],"collection":[{"href":"https:\/\/morshka.com\/fr\/wp-json\/wp\/v2\/pages"}],"about":[{"href":"https:\/\/morshka.com\/fr\/wp-json\/wp\/v2\/types\/page"}],"author":[{"embeddable":true,"href":"https:\/\/morshka.com\/fr\/wp-json\/wp\/v2\/users\/1"}],"replies":[{"embeddable":true,"href":"https:\/\/morshka.com\/fr\/wp-json\/wp\/v2\/comments?post=25"}],"version-history":[{"count":1,"href":"https:\/\/morshka.com\/fr\/wp-json\/wp\/v2\/pages\/25\/revisions"}],"predecessor-version":[{"id":67,"href":"https:\/\/morshka.com\/fr\/wp-json\/wp\/v2\/pages\/25\/revisions\/67"}],"wp:attachment":[{"href":"https:\/\/morshka.com\/fr\/wp-json\/wp\/v2\/media?parent=25"}],"curies":[{"name":"wp","href":"https:\/\/api.w.org\/{rel}","templated":true}]}}