{"id":27,"date":"2026-01-24T19:28:28","date_gmt":"2026-01-24T19:28:28","guid":{"rendered":"https:\/\/morshka.com\/team\/"},"modified":"2026-02-26T19:37:48","modified_gmt":"2026-02-26T19:37:48","slug":"team","status":"publish","type":"page","link":"https:\/\/morshka.com\/fr\/team\/","title":{"rendered":"\u00c9quipe"},"content":{"rendered":"<div class=\"wp-block-group alignfull is-style-ext-preset--group--natural-1--section has-background-background-color has-background has-global-padding is-layout-constrained wp-container-core-group-is-layout-e955bbaf wp-block-group-is-layout-constrained\" id=\"team\" style=\"margin-top:0;margin-bottom:0;padding-top:var(--wp--preset--spacing--70);padding-bottom:var(--wp--preset--spacing--70)\">\n<div class=\"wp-block-group alignwide is-vertical is-layout-flex wp-container-core-group-is-layout-c35747d5 wp-block-group-is-layout-flex\">\n<div class=\"wp-block-group has-global-padding is-layout-constrained wp-container-core-group-is-layout-2287c683 wp-block-group-is-layout-constrained\">\n<h2 class=\"wp-block-heading\">Services de chauffeur haut de gamme pour une client\u00e8le distingu\u00e9e<\/h2>\n\n\n\n<p>Rencontrez les professionnels d\u00e9vou\u00e9s qui vous offrent une exp\u00e9rience de luxe exceptionnelle.<\/p>\n<\/div>\n<\/div>\n\n\n\n<div class=\"wp-block-columns alignwide is-layout-flex wp-container-core-columns-is-layout-08c01c1c wp-block-columns-is-layout-flex\">\n<div class=\"wp-block-column is-vertically-aligned-stretch is-layout-flow wp-block-column-is-layout-flow\">\n<div class=\"wp-block-group is-style-ext-preset--group--natural-1--item-card-1--align-start has-global-padding is-layout-constrained wp-block-group-is-layout-constrained is-style-ext-preset--group--natural-1--item-card-1--align-start--2\">\n<div class=\"wp-block-group is-style-default has-global-padding is-layout-constrained wp-block-group-is-layout-constrained\">\n<h3 class=\"wp-block-heading\" style=\"font-size:clamp(14px, 0.875rem + ((1vw - 3.2px) * 0.625), 20px);\">Franck<\/h3>\n\n\n\n<p style=\"margin-top:0;margin-bottom:0;font-size:clamp(14px, 0.875rem + ((1vw - 3.2px) * 0.417), 18px);\">Directeur des services de chauffeurs<\/p>\n\n\n\n<p>Fort d'une vaste exp\u00e9rience, ce membre garantit un service irr\u00e9prochable et une attention impeccable aux d\u00e9tails.<\/p>\n<\/div>\n<\/div>\n<\/div>\n\n\n\n<div class=\"wp-block-column is-vertically-aligned-stretch is-layout-flow wp-block-column-is-layout-flow\">\n<div class=\"wp-block-group is-style-ext-preset--group--natural-1--item-card-1--align-start has-global-padding is-layout-constrained wp-block-group-is-layout-constrained is-style-ext-preset--group--natural-1--item-card-1--align-start--3\">\n<div class=\"wp-block-group is-style-default has-global-padding is-layout-constrained wp-block-group-is-layout-constrained\">\n<h3 class=\"wp-block-heading\" style=\"font-size:clamp(14px, 0.875rem + ((1vw - 3.2px) * 0.625), 20px);\">Yvan<\/h3>\n\n\n\n<p style=\"margin-top:0;margin-bottom:0;font-size:clamp(14px, 0.875rem + ((1vw - 3.2px) * 0.417), 18px);\">Responsable des relations clients<\/p>\n\n\n\n<p>R\u00e9put\u00e9 pour son excellente communication et ses solutions personnalis\u00e9es, il am\u00e9liore chaque voyage.<\/p>\n<\/div>\n<\/div>\n<\/div>\n\n\n\n<div class=\"wp-block-column is-vertically-aligned-stretch is-layout-flow wp-block-column-is-layout-flow\">\n<div class=\"wp-block-group is-style-ext-preset--group--natural-1--item-card-1--align-start has-global-padding is-layout-constrained wp-block-group-is-layout-constrained is-style-ext-preset--group--natural-1--item-card-1--align-start--4\">\n<div class=\"wp-block-group is-style-default has-global-padding is-layout-constrained wp-block-group-is-layout-constrained\">\n<h3 class=\"wp-block-heading\" style=\"font-size:clamp(14px, 0.875rem + ((1vw - 3.2px) * 0.625), 20px);\">Maxwell<\/h3>\n\n\n\n<p style=\"margin-top:0;margin-bottom:0;font-size:clamp(14px, 0.875rem + ((1vw - 3.2px) * 0.417), 18px);\">Directeur des op\u00e9rations<\/p>\n\n\n\n<p>Expert en logistique et en innovation, offrant des exp\u00e9riences de transport fluides et haut de gamme.<\/p>\n<\/div>\n<\/div>\n<\/div>\n<\/div>\n<\/div>\n\n\n\n<div class=\"wp-block-group alignfull is-style-ext-preset--group--natural-1--section has-tertiary-background-color has-background has-global-padding is-layout-constrained wp-container-core-group-is-layout-6714b1d7 wp-block-group-is-layout-constrained\" id=\"about\" style=\"margin-top:0;margin-bottom:0;padding-top:var(--wp--preset--spacing--70);padding-bottom:var(--wp--preset--spacing--70)\">\n<div class=\"wp-block-group alignwide is-vertical is-content-justification-center is-layout-flex wp-container-core-group-is-layout-c9ee0c5a wp-block-group-is-layout-flex\">\n<div class=\"wp-block-group has-global-padding is-layout-constrained wp-container-core-group-is-layout-2287c683 wp-block-group-is-layout-constrained\">\n<h2 class=\"wp-block-heading has-text-align-center\">Des exp\u00e9riences de chauffeur haut de gamme pour les voyageurs d'\u00e9lite<\/h2>\n\n\n\n<p class=\"has-text-align-center\">Morshka s'engage \u00e0 fournir un service de transport haut de gamme irr\u00e9prochable, en privil\u00e9giant un service exceptionnel, la fiabilit\u00e9 et une attention personnalis\u00e9e afin que chaque trajet refl\u00e8te notre engagement envers l'excellence et le raffinement.<\/p>\n<\/div>\n<\/div>\n\n\n\n<div class=\"wp-block-columns alignwide is-layout-flex wp-container-core-columns-is-layout-28f84493 wp-block-columns-is-layout-flex\">\n<div class=\"wp-block-column is-layout-flow wp-block-column-is-layout-flow\">\n<figure class=\"wp-block-image is-style-ext-preset-image-natural-1-image-1--content-bottom is-style-ext-preset--image--natural-1--image-1--content-bottom is-style-ext-preset--image--natural-1--image-1--content-bottom--6\"><img loading=\"lazy\" decoding=\"async\" width=\"720\" height=\"900\" src=\"https:\/\/morshka.com\/wp-content\/uploads\/2026\/01\/image-1-edited.jpg\" alt=\"\" class=\"wp-image-93\" style=\"aspect-ratio:3\/4;object-fit:cover\" srcset=\"https:\/\/morshka.com\/wp-content\/uploads\/2026\/01\/image-1-edited.jpg 720w, https:\/\/morshka.com\/wp-content\/uploads\/2026\/01\/image-1-edited-240x300.jpg 240w, https:\/\/morshka.com\/wp-content\/uploads\/2026\/01\/image-1-edited-10x12.jpg 10w\" sizes=\"auto, (max-width: 720px) 100vw, 720px\" \/><\/figure>\n<\/div>\n\n\n\n<div class=\"wp-block-column is-layout-flow wp-block-column-is-layout-flow\">\n<figure class=\"wp-block-image is-style-ext-preset-image-natural-1-image-1--content-bottom is-style-ext-preset--image--natural-1--image-1--content-bottom is-style-ext-preset--image--natural-1--image-1--content-bottom--7\"><img loading=\"lazy\" decoding=\"async\" width=\"1440\" height=\"1080\" src=\"https:\/\/morshka.com\/wp-content\/uploads\/2026\/01\/0a31e132c9606dbb254af8cd4271b076238fab1c.jpg\" alt=\"\" class=\"wp-image-59\" style=\"aspect-ratio:3\/4;object-fit:cover\" srcset=\"https:\/\/morshka.com\/wp-content\/uploads\/2026\/01\/0a31e132c9606dbb254af8cd4271b076238fab1c.jpg 1440w, https:\/\/morshka.com\/wp-content\/uploads\/2026\/01\/0a31e132c9606dbb254af8cd4271b076238fab1c-300x225.jpg 300w, https:\/\/morshka.com\/wp-content\/uploads\/2026\/01\/0a31e132c9606dbb254af8cd4271b076238fab1c-1024x768.jpg 1024w, https:\/\/morshka.com\/wp-content\/uploads\/2026\/01\/0a31e132c9606dbb254af8cd4271b076238fab1c-768x576.jpg 768w, https:\/\/morshka.com\/wp-content\/uploads\/2026\/01\/0a31e132c9606dbb254af8cd4271b076238fab1c-16x12.jpg 16w\" sizes=\"auto, (max-width: 1440px) 100vw, 1440px\" \/><\/figure>\n<\/div>\n\n\n\n<div class=\"wp-block-column is-layout-flow wp-block-column-is-layout-flow\">\n<figure class=\"wp-block-image is-style-ext-preset-image-natural-1-image-1--content-bottom is-style-ext-preset--image--natural-1--image-1--content-bottom is-style-ext-preset--image--natural-1--image-1--content-bottom--8\"><img loading=\"lazy\" decoding=\"async\" width=\"1440\" height=\"1440\" src=\"https:\/\/morshka.com\/wp-content\/uploads\/2026\/01\/6328d59fff457922393d772c5b41c823d2f6de7f.jpg\" alt=\"\" class=\"wp-image-66\" style=\"aspect-ratio:3\/4;object-fit:cover\" srcset=\"https:\/\/morshka.com\/wp-content\/uploads\/2026\/01\/6328d59fff457922393d772c5b41c823d2f6de7f.jpg 1440w, https:\/\/morshka.com\/wp-content\/uploads\/2026\/01\/6328d59fff457922393d772c5b41c823d2f6de7f-300x300.jpg 300w, https:\/\/morshka.com\/wp-content\/uploads\/2026\/01\/6328d59fff457922393d772c5b41c823d2f6de7f-1024x1024.jpg 1024w, https:\/\/morshka.com\/wp-content\/uploads\/2026\/01\/6328d59fff457922393d772c5b41c823d2f6de7f-150x150.jpg 150w, https:\/\/morshka.com\/wp-content\/uploads\/2026\/01\/6328d59fff457922393d772c5b41c823d2f6de7f-768x768.jpg 768w, https:\/\/morshka.com\/wp-content\/uploads\/2026\/01\/6328d59fff457922393d772c5b41c823d2f6de7f-12x12.jpg 12w\" sizes=\"auto, (max-width: 1440px) 100vw, 1440px\" \/><\/figure>\n<\/div>\n<\/div>\n<\/div>\n\n\n\n<div class=\"wp-block-group alignfull is-style-ext-preset--group--natural-1--section has-background-background-color has-background has-global-padding is-layout-constrained wp-container-core-group-is-layout-e955bbaf wp-block-group-is-layout-constrained\" style=\"margin-top:0;margin-bottom:0;padding-top:var(--wp--preset--spacing--70);padding-bottom:var(--wp--preset--spacing--70)\">\n<div class=\"wp-block-group alignwide is-vertical is-layout-flex wp-container-core-group-is-layout-c35747d5 wp-block-group-is-layout-flex\">\n<div class=\"wp-block-group has-global-padding is-layout-constrained wp-container-core-group-is-layout-5e05634a wp-block-group-is-layout-constrained\">\n<h2 class=\"wp-block-heading\">Une expertise hors pair en mati\u00e8re de chauffeurs pour une client\u00e8le exigeante<\/h2>\n\n\n\n<p class=\"has-text-align-left\">D\u00e9couvrez l'engagement de notre \u00e9quipe \u00e0 travers ses principales r\u00e9alisations et ses \u00e9tapes professionnelles importantes.<\/p>\n<\/div>\n<\/div>\n\n\n\n<div class=\"wp-block-columns alignwide is-layout-flex wp-container-core-columns-is-layout-174606dc wp-block-columns-is-layout-flex\">\n<div class=\"wp-block-column is-vertically-aligned-stretch is-layout-flow wp-container-core-column-is-layout-119bc444 wp-block-column-is-layout-flow\">\n<div class=\"wp-block-cover is-style-ext-preset--image--natural-1--image-1--content-bottom is-style-ext-preset--image--natural-1--image-1--content-bottom--10\" style=\"padding-top:0;padding-bottom:0;min-height:100%;aspect-ratio:unset;\"><img loading=\"lazy\" decoding=\"async\" width=\"1440\" height=\"960\" class=\"wp-block-cover__image-background wp-image-64\" alt=\"\" src=\"https:\/\/morshka.com\/wp-content\/uploads\/2026\/01\/4fcfd298a08ccc297a9164bce7b963a7deb95a35.jpg\" data-object-fit=\"cover\" srcset=\"https:\/\/morshka.com\/wp-content\/uploads\/2026\/01\/4fcfd298a08ccc297a9164bce7b963a7deb95a35.jpg 1440w, https:\/\/morshka.com\/wp-content\/uploads\/2026\/01\/4fcfd298a08ccc297a9164bce7b963a7deb95a35-300x200.jpg 300w, https:\/\/morshka.com\/wp-content\/uploads\/2026\/01\/4fcfd298a08ccc297a9164bce7b963a7deb95a35-1024x683.jpg 1024w, https:\/\/morshka.com\/wp-content\/uploads\/2026\/01\/4fcfd298a08ccc297a9164bce7b963a7deb95a35-768x512.jpg 768w, https:\/\/morshka.com\/wp-content\/uploads\/2026\/01\/4fcfd298a08ccc297a9164bce7b963a7deb95a35-18x12.jpg 18w\" sizes=\"auto, (max-width: 1440px) 100vw, 1440px\" \/><span aria-hidden=\"true\" class=\"wp-block-cover__background has-background-dim-0 has-background-dim\"><\/span><div class=\"wp-block-cover__inner-container is-layout-flow wp-block-cover-is-layout-flow\">\n<div style=\"height:240px\" aria-hidden=\"true\" class=\"wp-block-spacer\"><\/div>\n<\/div><\/div>\n<\/div>\n<\/div>\n<\/div>","protected":false},"excerpt":{"rendered":"<p>Exquisite Chauffeur Services for Distinguished Clients Meet the dedicated professionals who deliver our exceptional luxury experience. Franck Chief Chauffeur Officer With extensive experience, this member ensures flawless service and impeccable attention to detail. Yvan Client Relations Manager Renowned for exceptional communication and tailored client solutions, enhancing every journey. Maxwell Operations Director Expert in logistics and [&hellip;]<\/p>\n","protected":false},"author":1,"featured_media":0,"parent":0,"menu_order":0,"comment_status":"closed","ping_status":"closed","template":"page-with-title","meta":{"footnotes":""},"class_list":["post-27","page","type-page","status-publish","hentry"],"aioseo_notices":[],"_links":{"self":[{"href":"https:\/\/morshka.com\/fr\/wp-json\/wp\/v2\/pages\/27","targetHints":{"allow":["GET"]}}],"collection":[{"href":"https:\/\/morshka.com\/fr\/wp-json\/wp\/v2\/pages"}],"about":[{"href":"https:\/\/morshka.com\/fr\/wp-json\/wp\/v2\/types\/page"}],"author":[{"embeddable":true,"href":"https:\/\/morshka.com\/fr\/wp-json\/wp\/v2\/users\/1"}],"replies":[{"embeddable":true,"href":"https:\/\/morshka.com\/fr\/wp-json\/wp\/v2\/comments?post=27"}],"version-history":[{"count":5,"href":"https:\/\/morshka.com\/fr\/wp-json\/wp\/v2\/pages\/27\/revisions"}],"predecessor-version":[{"id":140,"href":"https:\/\/morshka.com\/fr\/wp-json\/wp\/v2\/pages\/27\/revisions\/140"}],"wp:attachment":[{"href":"https:\/\/morshka.com\/fr\/wp-json\/wp\/v2\/media?parent=27"}],"curies":[{"name":"wp","href":"https:\/\/api.w.org\/{rel}","templated":true}]}}